{"id":1174,"date":"2017-04-06T14:39:06","date_gmt":"2017-04-06T11:39:06","guid":{"rendered":"http:\/\/tilassa.fi\/sv\/?page_id=1174"},"modified":"2020-01-07T14:00:42","modified_gmt":"2020-01-07T12:00:42","slug":"slosa-inte-bort-ditt-utrymme","status":"publish","type":"page","link":"https:\/\/tilassa.fi\/sv\/","title":{"rendered":"Sl\u00f6sa inte bort ditt utrymme!"},"content":{"rendered":"<p><strong>V\u00e5r rumsliga designprocess optimerar<\/strong> arbets- och inl\u00e4rningsmilj\u00f6er och uppfyller anv\u00e4ndarnas verkliga behov. <strong>V\u00e5r specialkompetens<\/strong> \u00e4r att designa milj\u00f6er som st\u00f6der inl\u00e4rning och innovation. <strong>GROWING SEASON\u00ae Co-Design process<\/strong> f\u00f6rb\u00e4ttrar produktivitet.<\/p>\n","protected":false},"excerpt":{"rendered":"<p>L\u00c5T OSS TILLSAMMANS SKAPA V\u00c4LBEFINNANDE OCH PRODUKTIVITET.<\/p>\n","protected":false},"author":11,"featured_media":1731,"parent":0,"menu_order":0,"comment_status":"closed","ping_status":"closed","template":"home_v2.php","meta":{"_mi_skip_tracking":false},"acf":[],"yoast_head":"<!-- This site is optimized with the Yoast SEO plugin v19.6.1 - https:\/\/yoast.com\/wordpress\/plugins\/seo\/ -->\n<title>Utformningen av inl\u00e4rnings- och arbetsmilj\u00f6er<\/title>\n<meta name=\"description\" content=\"Utformningen av inl\u00e4rnings- och arbetsmilj\u00f6er\" \/>\n<meta name=\"robots\" content=\"index, follow, max-snippet:-1, max-image-preview:large, max-video-preview:-1\" \/>\n<link rel=\"canonical\" href=\"https:\/\/tilassa.fi\/sv\/\" \/>\n<meta property=\"og:locale\" content=\"sv_SE\" \/>\n<meta property=\"og:type\" content=\"article\" \/>\n<meta property=\"og:title\" content=\"Utformningen av inl\u00e4rnings- och arbetsmilj\u00f6er\" \/>\n<meta property=\"og:description\" content=\"Utformningen av inl\u00e4rnings- och arbetsmilj\u00f6er\" \/>\n<meta property=\"og:url\" content=\"https:\/\/tilassa.fi\/sv\/\" \/>\n<meta property=\"og:site_name\" content=\"Tilassa Oy\" \/>\n<meta property=\"article:publisher\" content=\"https:\/\/www.facebook.com\/Tilassa\/\" \/>\n<meta property=\"article:modified_time\" content=\"2020-01-07T12:00:42+00:00\" \/>\n<meta name=\"twitter:card\" content=\"summary\" \/>\n<meta name=\"twitter:image\" content=\"https:\/\/tilassa.fi\/wp-content\/uploads\/20170820_TommiAittala_TilassaOy-1200px-034.jpg\" \/>\n<meta name=\"twitter:site\" content=\"@TilassaOy\" \/>\n<script type=\"application\/ld+json\" class=\"yoast-schema-graph\">{\"@context\":\"https:\/\/schema.org\",\"@graph\":[{\"@type\":\"WebPage\",\"@id\":\"https:\/\/tilassa.fi\/sv\/\",\"url\":\"https:\/\/tilassa.fi\/sv\/\",\"name\":\"Utformningen av inl\u00e4rnings- och arbetsmilj\u00f6er\",\"isPartOf\":{\"@id\":\"https:\/\/tilassa.fi\/#website\"},\"datePublished\":\"2017-04-06T11:39:06+00:00\",\"dateModified\":\"2020-01-07T12:00:42+00:00\",\"description\":\"Utformningen av inl\u00e4rnings- och arbetsmilj\u00f6er\",\"breadcrumb\":{\"@id\":\"https:\/\/tilassa.fi\/sv\/#breadcrumb\"},\"inLanguage\":\"sv-SE\",\"potentialAction\":[{\"@type\":\"ReadAction\",\"target\":[\"https:\/\/tilassa.fi\/sv\/\"]}]},{\"@type\":\"BreadcrumbList\",\"@id\":\"https:\/\/tilassa.fi\/sv\/#breadcrumb\",\"itemListElement\":[{\"@type\":\"ListItem\",\"position\":1,\"name\":\"Etusivu\",\"item\":\"https:\/\/tilassa.fi\/sv\/\"},{\"@type\":\"ListItem\",\"position\":2,\"name\":\"Sl\u00f6sa inte bort ditt utrymme!\"}]},{\"@type\":\"WebSite\",\"@id\":\"https:\/\/tilassa.fi\/#website\",\"url\":\"https:\/\/tilassa.fi\/\",\"name\":\"Tilassa Oy\",\"description\":\"Osallistavaa tilasuunnittelua\",\"potentialAction\":[{\"@type\":\"SearchAction\",\"target\":{\"@type\":\"EntryPoint\",\"urlTemplate\":\"https:\/\/tilassa.fi\/?s={search_term_string}\"},\"query-input\":\"required name=search_term_string\"}],\"inLanguage\":\"sv-SE\"}]}<\/script>\n<!-- \/ Yoast SEO plugin. -->","yoast_head_json":{"title":"Utformningen av inl\u00e4rnings- och arbetsmilj\u00f6er","description":"Utformningen av inl\u00e4rnings- och arbetsmilj\u00f6er","robots":{"index":"index","follow":"follow","max-snippet":"max-snippet:-1","max-image-preview":"max-image-preview:large","max-video-preview":"max-video-preview:-1"},"canonical":"https:\/\/tilassa.fi\/sv\/","og_locale":"sv_SE","og_type":"article","og_title":"Utformningen av inl\u00e4rnings- och arbetsmilj\u00f6er","og_description":"Utformningen av inl\u00e4rnings- och arbetsmilj\u00f6er","og_url":"https:\/\/tilassa.fi\/sv\/","og_site_name":"Tilassa Oy","article_publisher":"https:\/\/www.facebook.com\/Tilassa\/","article_modified_time":"2020-01-07T12:00:42+00:00","twitter_card":"summary","twitter_image":"https:\/\/tilassa.fi\/wp-content\/uploads\/20170820_TommiAittala_TilassaOy-1200px-034.jpg","twitter_site":"@TilassaOy","schema":{"@context":"https:\/\/schema.org","@graph":[{"@type":"WebPage","@id":"https:\/\/tilassa.fi\/sv\/","url":"https:\/\/tilassa.fi\/sv\/","name":"Utformningen av inl\u00e4rnings- och arbetsmilj\u00f6er","isPartOf":{"@id":"https:\/\/tilassa.fi\/#website"},"datePublished":"2017-04-06T11:39:06+00:00","dateModified":"2020-01-07T12:00:42+00:00","description":"Utformningen av inl\u00e4rnings- och arbetsmilj\u00f6er","breadcrumb":{"@id":"https:\/\/tilassa.fi\/sv\/#breadcrumb"},"inLanguage":"sv-SE","potentialAction":[{"@type":"ReadAction","target":["https:\/\/tilassa.fi\/sv\/"]}]},{"@type":"BreadcrumbList","@id":"https:\/\/tilassa.fi\/sv\/#breadcrumb","itemListElement":[{"@type":"ListItem","position":1,"name":"Etusivu","item":"https:\/\/tilassa.fi\/sv\/"},{"@type":"ListItem","position":2,"name":"Sl\u00f6sa inte bort ditt utrymme!"}]},{"@type":"WebSite","@id":"https:\/\/tilassa.fi\/#website","url":"https:\/\/tilassa.fi\/","name":"Tilassa Oy","description":"Osallistavaa tilasuunnittelua","potentialAction":[{"@type":"SearchAction","target":{"@type":"EntryPoint","urlTemplate":"https:\/\/tilassa.fi\/?s={search_term_string}"},"query-input":"required name=search_term_string"}],"inLanguage":"sv-SE"}]}},"jetpack-related-posts":[{"id":1316,"url":"https:\/\/tilassa.fi\/sv\/losningar\/involverande-co-design-inlarnings-och-arbetsmiljoer\/","url_meta":{"origin":1174,"position":0},"title":"Involverande co-design f\u00f6r inl\u00e4rnings- och arbetsmilj\u00f6er","date":"12.4.2017","format":false,"excerpt":"Involverande co-design f\u00f6r inl\u00e4rnings- och arbetsmilj\u00f6er","rel":"","context":"Liknande inl\u00e4gg","img":{"alt_text":"","src":"https:\/\/i0.wp.com\/tilassa.fi\/wp-content\/uploads\/Jokela-elamyshuone-2400px.jpg?resize=350%2C200&ssl=1","width":350,"height":200},"classes":[]},{"id":1355,"url":"https:\/\/tilassa.fi\/sv\/losningar\/tilassa-byggtjanster\/","url_meta":{"origin":1174,"position":1},"title":"Tilassa byggtj\u00e4nster","date":"13.4.2017","format":false,"excerpt":"Renoverings- och byggtj\u00e4nster","rel":"","context":"Liknande inl\u00e4gg","img":{"alt_text":"","src":"https:\/\/i0.wp.com\/tilassa.fi\/wp-content\/uploads\/Esteetto\u0308myys.png?resize=350%2C200&ssl=1","width":350,"height":200},"classes":[]},{"id":1350,"url":"https:\/\/tilassa.fi\/sv\/losningar\/tillvaxtperiod-co-design\/","url_meta":{"origin":1174,"position":2},"title":"Tillv\u00e4xtperiod\u00ae co-design","date":"13.4.2017","format":false,"excerpt":"TILLV\u00c4XTPERIOD\u00ae\u00a0\u00e4r en process i fyra steg","rel":"","context":"Liknande inl\u00e4gg","img":{"alt_text":"","src":"https:\/\/i0.wp.com\/tilassa.fi\/wp-content\/uploads\/Valmiit-kohteet2-2.jpg?resize=350%2C200&ssl=1","width":350,"height":200},"classes":[]}],"_links":{"self":[{"href":"https:\/\/tilassa.fi\/sv\/wp-json\/wp\/v2\/pages\/1174"}],"collection":[{"href":"https:\/\/tilassa.fi\/sv\/wp-json\/wp\/v2\/pages"}],"about":[{"href":"https:\/\/tilassa.fi\/sv\/wp-json\/wp\/v2\/types\/page"}],"author":[{"embeddable":true,"href":"https:\/\/tilassa.fi\/sv\/wp-json\/wp\/v2\/users\/11"}],"replies":[{"embeddable":true,"href":"https:\/\/tilassa.fi\/sv\/wp-json\/wp\/v2\/comments?post=1174"}],"version-history":[{"count":12,"href":"https:\/\/tilassa.fi\/sv\/wp-json\/wp\/v2\/pages\/1174\/revisions"}],"predecessor-version":[{"id":1366,"href":"https:\/\/tilassa.fi\/sv\/wp-json\/wp\/v2\/pages\/1174\/revisions\/1366"}],"wp:featuredmedia":[{"embeddable":true,"href":"https:\/\/tilassa.fi\/sv\/wp-json\/wp\/v2\/media\/1731"}],"wp:attachment":[{"href":"https:\/\/tilassa.fi\/sv\/wp-json\/wp\/v2\/media?parent=1174"}],"curies":[{"name":"wp","href":"https:\/\/api.w.org\/{rel}","templated":true}]}}