{"id":1283,"date":"2017-04-12T12:48:43","date_gmt":"2017-04-12T09:48:43","guid":{"rendered":"http:\/\/tilassa.fi\/?page_id=1283\/"},"modified":"2024-07-02T10:04:22","modified_gmt":"2024-07-02T07:04:22","slug":"team","status":"publish","type":"page","link":"https:\/\/tilassa.fi\/sv\/team\/","title":{"rendered":"Team"},"content":{"rendered":"","protected":false},"excerpt":{"rendered":"","protected":false},"author":11,"featured_media":0,"parent":0,"menu_order":100,"comment_status":"closed","ping_status":"closed","template":"page-tiimi.php","meta":{"_mi_skip_tracking":false},"acf":[],"yoast_head":"<!-- This site is optimized with the Yoast SEO plugin v19.6.1 - https:\/\/yoast.com\/wordpress\/plugins\/seo\/ -->\n<title>Team &middot; Tilassa Oy<\/title>\n<meta name=\"description\" content=\"Tilassa Oy on osallistavaan suunnitteluun erikoistunut muotoilutoimisto; arkkitehtuurin, muotoilun ja rakentamisen osaaja.\" \/>\n<meta name=\"robots\" content=\"index, follow, max-snippet:-1, max-image-preview:large, max-video-preview:-1\" \/>\n<link rel=\"canonical\" href=\"https:\/\/tilassa.fi\/sv\/team\/\" \/>\n<meta property=\"og:locale\" content=\"sv_SE\" \/>\n<meta property=\"og:type\" content=\"article\" \/>\n<meta property=\"og:title\" content=\"Team &middot; Tilassa Oy\" \/>\n<meta property=\"og:description\" content=\"Tilassa Oy on osallistavaan suunnitteluun erikoistunut muotoilutoimisto; arkkitehtuurin, muotoilun ja rakentamisen osaaja.\" \/>\n<meta property=\"og:url\" content=\"https:\/\/tilassa.fi\/sv\/team\/\" \/>\n<meta property=\"og:site_name\" content=\"Tilassa Oy\" \/>\n<meta property=\"article:publisher\" content=\"https:\/\/www.facebook.com\/Tilassa\/\" \/>\n<meta property=\"article:modified_time\" content=\"2024-07-02T07:04:22+00:00\" \/>\n<meta name=\"twitter:card\" content=\"summary\" \/>\n<meta name=\"twitter:site\" content=\"@TilassaOy\" \/>\n<script type=\"application\/ld+json\" class=\"yoast-schema-graph\">{\"@context\":\"https:\/\/schema.org\",\"@graph\":[{\"@type\":\"WebPage\",\"@id\":\"https:\/\/tilassa.fi\/sv\/team\/\",\"url\":\"https:\/\/tilassa.fi\/sv\/team\/\",\"name\":\"Team &middot; Tilassa Oy\",\"isPartOf\":{\"@id\":\"https:\/\/tilassa.fi\/#website\"},\"datePublished\":\"2017-04-12T09:48:43+00:00\",\"dateModified\":\"2024-07-02T07:04:22+00:00\",\"description\":\"Tilassa Oy on osallistavaan suunnitteluun erikoistunut muotoilutoimisto; arkkitehtuurin, muotoilun ja rakentamisen osaaja.\",\"breadcrumb\":{\"@id\":\"https:\/\/tilassa.fi\/sv\/team\/#breadcrumb\"},\"inLanguage\":\"sv-SE\",\"potentialAction\":[{\"@type\":\"ReadAction\",\"target\":[\"https:\/\/tilassa.fi\/sv\/team\/\"]}]},{\"@type\":\"BreadcrumbList\",\"@id\":\"https:\/\/tilassa.fi\/sv\/team\/#breadcrumb\",\"itemListElement\":[{\"@type\":\"ListItem\",\"position\":1,\"name\":\"Etusivu\",\"item\":\"https:\/\/tilassa.fi\/sv\/\"},{\"@type\":\"ListItem\",\"position\":2,\"name\":\"Team\"}]},{\"@type\":\"WebSite\",\"@id\":\"https:\/\/tilassa.fi\/#website\",\"url\":\"https:\/\/tilassa.fi\/\",\"name\":\"Tilassa Oy\",\"description\":\"Osallistavaa tilasuunnittelua\",\"potentialAction\":[{\"@type\":\"SearchAction\",\"target\":{\"@type\":\"EntryPoint\",\"urlTemplate\":\"https:\/\/tilassa.fi\/?s={search_term_string}\"},\"query-input\":\"required name=search_term_string\"}],\"inLanguage\":\"sv-SE\"}]}<\/script>\n<!-- \/ Yoast SEO plugin. -->","yoast_head_json":{"title":"Team &middot; Tilassa Oy","description":"Tilassa Oy on osallistavaan suunnitteluun erikoistunut muotoilutoimisto; arkkitehtuurin, muotoilun ja rakentamisen osaaja.","robots":{"index":"index","follow":"follow","max-snippet":"max-snippet:-1","max-image-preview":"max-image-preview:large","max-video-preview":"max-video-preview:-1"},"canonical":"https:\/\/tilassa.fi\/sv\/team\/","og_locale":"sv_SE","og_type":"article","og_title":"Team &middot; Tilassa Oy","og_description":"Tilassa Oy on osallistavaan suunnitteluun erikoistunut muotoilutoimisto; arkkitehtuurin, muotoilun ja rakentamisen osaaja.","og_url":"https:\/\/tilassa.fi\/sv\/team\/","og_site_name":"Tilassa Oy","article_publisher":"https:\/\/www.facebook.com\/Tilassa\/","article_modified_time":"2024-07-02T07:04:22+00:00","twitter_card":"summary","twitter_site":"@TilassaOy","schema":{"@context":"https:\/\/schema.org","@graph":[{"@type":"WebPage","@id":"https:\/\/tilassa.fi\/sv\/team\/","url":"https:\/\/tilassa.fi\/sv\/team\/","name":"Team &middot; Tilassa Oy","isPartOf":{"@id":"https:\/\/tilassa.fi\/#website"},"datePublished":"2017-04-12T09:48:43+00:00","dateModified":"2024-07-02T07:04:22+00:00","description":"Tilassa Oy on osallistavaan suunnitteluun erikoistunut muotoilutoimisto; arkkitehtuurin, muotoilun ja rakentamisen osaaja.","breadcrumb":{"@id":"https:\/\/tilassa.fi\/sv\/team\/#breadcrumb"},"inLanguage":"sv-SE","potentialAction":[{"@type":"ReadAction","target":["https:\/\/tilassa.fi\/sv\/team\/"]}]},{"@type":"BreadcrumbList","@id":"https:\/\/tilassa.fi\/sv\/team\/#breadcrumb","itemListElement":[{"@type":"ListItem","position":1,"name":"Etusivu","item":"https:\/\/tilassa.fi\/sv\/"},{"@type":"ListItem","position":2,"name":"Team"}]},{"@type":"WebSite","@id":"https:\/\/tilassa.fi\/#website","url":"https:\/\/tilassa.fi\/","name":"Tilassa Oy","description":"Osallistavaa tilasuunnittelua","potentialAction":[{"@type":"SearchAction","target":{"@type":"EntryPoint","urlTemplate":"https:\/\/tilassa.fi\/?s={search_term_string}"},"query-input":"required name=search_term_string"}],"inLanguage":"sv-SE"}]}},"jetpack-related-posts":[{"id":1316,"url":"https:\/\/tilassa.fi\/sv\/losningar\/involverande-co-design-inlarnings-och-arbetsmiljoer\/","url_meta":{"origin":1283,"position":0},"title":"Involverande co-design f\u00f6r inl\u00e4rnings- och arbetsmilj\u00f6er","date":"12.4.2017","format":false,"excerpt":"Involverande co-design f\u00f6r inl\u00e4rnings- och arbetsmilj\u00f6er","rel":"","context":"Liknande inl\u00e4gg","img":{"alt_text":"","src":"https:\/\/i0.wp.com\/tilassa.fi\/wp-content\/uploads\/Jokela-elamyshuone-2400px.jpg?resize=350%2C200&ssl=1","width":350,"height":200},"classes":[]}],"_links":{"self":[{"href":"https:\/\/tilassa.fi\/sv\/wp-json\/wp\/v2\/pages\/1283"}],"collection":[{"href":"https:\/\/tilassa.fi\/sv\/wp-json\/wp\/v2\/pages"}],"about":[{"href":"https:\/\/tilassa.fi\/sv\/wp-json\/wp\/v2\/types\/page"}],"author":[{"embeddable":true,"href":"https:\/\/tilassa.fi\/sv\/wp-json\/wp\/v2\/users\/11"}],"replies":[{"embeddable":true,"href":"https:\/\/tilassa.fi\/sv\/wp-json\/wp\/v2\/comments?post=1283"}],"version-history":[{"count":17,"href":"https:\/\/tilassa.fi\/sv\/wp-json\/wp\/v2\/pages\/1283\/revisions"}],"predecessor-version":[{"id":3974,"href":"https:\/\/tilassa.fi\/sv\/wp-json\/wp\/v2\/pages\/1283\/revisions\/3974"}],"wp:attachment":[{"href":"https:\/\/tilassa.fi\/sv\/wp-json\/wp\/v2\/media?parent=1283"}],"curies":[{"name":"wp","href":"https:\/\/api.w.org\/{rel}","templated":true}]}}