{"id":1316,"date":"2017-04-12T13:37:39","date_gmt":"2017-04-12T10:37:39","guid":{"rendered":"http:\/\/tilassa.fi\/?page_id=1316\/"},"modified":"2020-01-07T14:16:58","modified_gmt":"2020-01-07T12:16:58","slug":"involverande-co-design-inlarnings-och-arbetsmiljoer","status":"publish","type":"page","link":"https:\/\/tilassa.fi\/sv\/losningar\/involverande-co-design-inlarnings-och-arbetsmiljoer\/","title":{"rendered":"Involverande co-design f\u00f6r inl\u00e4rnings- och arbetsmilj\u00f6er"},"content":{"rendered":"<h3>Co-design av milj\u00f6er som st\u00f6der inl\u00e4rning och innovering.<img class=\"alignright wp-image-465 size-full\" src=\"http:\/\/tilassa.fi\/wp-content\/uploads\/spatial-design.jpg\" alt=\"spatial-design\" width=\"591\" height=\"482\" \/><\/h3>\n<p>V\u00e5ra designtj\u00e4nster fokuserar p\u00e5 interi\u00f6rer och processer som st\u00f6der inl\u00e4rning och interaktion mellan anv\u00e4ndarna. Vi anv\u00e4nder co-designmetoder som en del av v\u00e5r designprocess.<\/p>\n<h3>Flexibla, justerbara utrymmen<\/h3>\n<p>Eftersom inl\u00e4rning och arbete fysiskt kan ta plats var som helst tack vare teknik, \u00e4r m\u00f6jligheterna till r\u00f6rliga metoder helt nya. Utrymmena m\u00e5ste d\u00e4rf\u00f6r uppfylla anv\u00e4ndarnas behov genom att man kan anpassa dem till nya situationer.<\/p>\n<blockquote><p>Studier visar att fysiskt arbete och l\u00e4rande milj\u00f6 p\u00e5verka arbetet och l\u00e4rande RESULTAT betydligt.<\/p><\/blockquote>\n<p>Behovet av f\u00f6r\u00e4ndring \u00e4r en m\u00f6jlighet att utveckla organisationens praxis till f\u00f6ljande niv\u00e5. Ibland f\u00f6ruts\u00e4tter organisationsf\u00f6r\u00e4ndringar en utveckling av lokalerna. Utrymmena b\u00f6r vara fast f\u00f6rankrade i k\u00e4rnan av organisationen, eftersom fel typ av rumslig design i v\u00e4rsta fall kan hindra effektivt arbete &#8211; i b\u00e4sta fall kan det stort bidra till organisationens toppresultat.<\/p>\n<h3>Specialkompetens f\u00f6r tillg\u00e4nglighet och belysning<\/h3>\n<p>F\u00f6rutom kunskaper om goda inl\u00e4rnings- och arbetsmilj\u00f6er samt pedagogik har v\u00e5ra inredningsarkitekter specialkunskaper om milj\u00f6er som alla anv\u00e4ndargrupper har tillg\u00e5ng till, och vi designar belysning med Dialux designprogrammet.<\/p>\n<blockquote><p>100% av v\u00e5ra kunder, som har svarat p\u00e5 v\u00e5r unders\u00f6kning, har varit n\u00f6jd med resultatet och rekommenderar Tilassa team fram\u00e5t. &#8221;Vi har ny utrymmen som fungerar och som \u00e4r bekv\u00e4ma. Allt som allt, designen var lysande och allt gick bra. &#8221; Aff\u00e4rs Kund<\/p><\/blockquote>\n<h3>Tillv\u00e4xtperiod\u00ae co-design<\/h3>\n<p>Tillv\u00e4xtperiod\u00ae co-design processen inbjuder alltid anv\u00e4ndarna att delta, vilket garanterar att genomf\u00f6randet uppfyller anv\u00e4ndarnas verkliga behov. Dessutom f\u00e5r anv\u00e4ndarna m\u00f6jligheten att p\u00e5verka sin egen milj\u00f6 och blir s\u00e5lunda mer engagerade i det slutliga resultatet och organisationen.<\/p>\n<p>V\u00e5ra egna erfarenheter som sj\u00e4lvinriktade anst\u00e4llda, nyfikna elever och mentorer hj\u00e4lper oss att finna l\u00f6sningar p\u00e5 hur man kan st\u00f6da inl\u00e4rning och interaktion genom Rumslig design.<\/p>\n","protected":false},"excerpt":{"rendered":"<p>Involverande co-design f\u00f6r inl\u00e4rnings- och arbetsmilj\u00f6er<\/p>\n","protected":false},"author":14,"featured_media":3369,"parent":1321,"menu_order":2,"comment_status":"closed","ping_status":"closed","template":"","meta":{"_mi_skip_tracking":false},"acf":[],"yoast_head":"<!-- This site is optimized with the Yoast SEO plugin v19.6.1 - https:\/\/yoast.com\/wordpress\/plugins\/seo\/ -->\n<title>Involverande co-design f\u00f6r inl\u00e4rnings- och arbetsmilj\u00f6er &middot; Tilassa Oy<\/title>\n<meta name=\"robots\" content=\"index, follow, max-snippet:-1, max-image-preview:large, max-video-preview:-1\" \/>\n<link rel=\"canonical\" href=\"https:\/\/tilassa.fi\/sv\/losningar\/involverande-co-design-inlarnings-och-arbetsmiljoer\/\" \/>\n<meta property=\"og:locale\" content=\"sv_SE\" \/>\n<meta property=\"og:type\" content=\"article\" \/>\n<meta property=\"og:title\" content=\"Involverande co-design f\u00f6r inl\u00e4rnings- och arbetsmilj\u00f6er &middot; Tilassa Oy\" \/>\n<meta property=\"og:description\" content=\"Involverande co-design f\u00f6r inl\u00e4rnings- och arbetsmilj\u00f6er\" \/>\n<meta property=\"og:url\" content=\"https:\/\/tilassa.fi\/sv\/losningar\/involverande-co-design-inlarnings-och-arbetsmiljoer\/\" \/>\n<meta property=\"og:site_name\" content=\"Tilassa Oy\" \/>\n<meta property=\"article:publisher\" content=\"https:\/\/www.facebook.com\/Tilassa\/\" \/>\n<meta property=\"article:modified_time\" content=\"2020-01-07T12:16:58+00:00\" \/>\n<meta property=\"og:image\" content=\"https:\/\/tilassa.fi\/wp-content\/uploads\/Jokela-elamyshuone-2400px.jpg\" \/>\n\t<meta property=\"og:image:width\" content=\"2400\" \/>\n\t<meta property=\"og:image:height\" content=\"1600\" \/>\n\t<meta property=\"og:image:type\" content=\"image\/jpeg\" \/>\n<meta name=\"twitter:card\" content=\"summary\" \/>\n<meta name=\"twitter:site\" content=\"@TilassaOy\" \/>\n<meta name=\"twitter:label1\" content=\"Ber\u00e4knad l\u00e4stid\" \/>\n\t<meta name=\"twitter:data1\" content=\"2 minuter\" \/>\n<script type=\"application\/ld+json\" class=\"yoast-schema-graph\">{\"@context\":\"https:\/\/schema.org\",\"@graph\":[{\"@type\":\"WebPage\",\"@id\":\"https:\/\/tilassa.fi\/sv\/losningar\/involverande-co-design-inlarnings-och-arbetsmiljoer\/\",\"url\":\"https:\/\/tilassa.fi\/sv\/losningar\/involverande-co-design-inlarnings-och-arbetsmiljoer\/\",\"name\":\"Involverande co-design f\u00f6r inl\u00e4rnings- och arbetsmilj\u00f6er &middot; Tilassa Oy\",\"isPartOf\":{\"@id\":\"https:\/\/tilassa.fi\/#website\"},\"datePublished\":\"2017-04-12T10:37:39+00:00\",\"dateModified\":\"2020-01-07T12:16:58+00:00\",\"breadcrumb\":{\"@id\":\"https:\/\/tilassa.fi\/sv\/losningar\/involverande-co-design-inlarnings-och-arbetsmiljoer\/#breadcrumb\"},\"inLanguage\":\"sv-SE\",\"potentialAction\":[{\"@type\":\"ReadAction\",\"target\":[\"https:\/\/tilassa.fi\/sv\/losningar\/involverande-co-design-inlarnings-och-arbetsmiljoer\/\"]}]},{\"@type\":\"BreadcrumbList\",\"@id\":\"https:\/\/tilassa.fi\/sv\/losningar\/involverande-co-design-inlarnings-och-arbetsmiljoer\/#breadcrumb\",\"itemListElement\":[{\"@type\":\"ListItem\",\"position\":1,\"name\":\"Etusivu\",\"item\":\"https:\/\/tilassa.fi\/sv\/\"},{\"@type\":\"ListItem\",\"position\":2,\"name\":\"L\u00f6sningar\",\"item\":\"https:\/\/tilassa.fi\/sv\/losningar\/\"},{\"@type\":\"ListItem\",\"position\":3,\"name\":\"Involverande co-design f\u00f6r inl\u00e4rnings- och arbetsmilj\u00f6er\"}]},{\"@type\":\"WebSite\",\"@id\":\"https:\/\/tilassa.fi\/#website\",\"url\":\"https:\/\/tilassa.fi\/\",\"name\":\"Tilassa Oy\",\"description\":\"Osallistavaa tilasuunnittelua\",\"potentialAction\":[{\"@type\":\"SearchAction\",\"target\":{\"@type\":\"EntryPoint\",\"urlTemplate\":\"https:\/\/tilassa.fi\/?s={search_term_string}\"},\"query-input\":\"required name=search_term_string\"}],\"inLanguage\":\"sv-SE\"}]}<\/script>\n<!-- \/ Yoast SEO plugin. -->","yoast_head_json":{"title":"Involverande co-design f\u00f6r inl\u00e4rnings- och arbetsmilj\u00f6er &middot; Tilassa Oy","robots":{"index":"index","follow":"follow","max-snippet":"max-snippet:-1","max-image-preview":"max-image-preview:large","max-video-preview":"max-video-preview:-1"},"canonical":"https:\/\/tilassa.fi\/sv\/losningar\/involverande-co-design-inlarnings-och-arbetsmiljoer\/","og_locale":"sv_SE","og_type":"article","og_title":"Involverande co-design f\u00f6r inl\u00e4rnings- och arbetsmilj\u00f6er &middot; Tilassa Oy","og_description":"Involverande co-design f\u00f6r inl\u00e4rnings- och arbetsmilj\u00f6er","og_url":"https:\/\/tilassa.fi\/sv\/losningar\/involverande-co-design-inlarnings-och-arbetsmiljoer\/","og_site_name":"Tilassa Oy","article_publisher":"https:\/\/www.facebook.com\/Tilassa\/","article_modified_time":"2020-01-07T12:16:58+00:00","og_image":[{"width":2400,"height":1600,"url":"https:\/\/tilassa.fi\/wp-content\/uploads\/Jokela-elamyshuone-2400px.jpg","type":"image\/jpeg"}],"twitter_card":"summary","twitter_site":"@TilassaOy","twitter_misc":{"Ber\u00e4knad l\u00e4stid":"2 minuter"},"schema":{"@context":"https:\/\/schema.org","@graph":[{"@type":"WebPage","@id":"https:\/\/tilassa.fi\/sv\/losningar\/involverande-co-design-inlarnings-och-arbetsmiljoer\/","url":"https:\/\/tilassa.fi\/sv\/losningar\/involverande-co-design-inlarnings-och-arbetsmiljoer\/","name":"Involverande co-design f\u00f6r inl\u00e4rnings- och arbetsmilj\u00f6er &middot; Tilassa Oy","isPartOf":{"@id":"https:\/\/tilassa.fi\/#website"},"datePublished":"2017-04-12T10:37:39+00:00","dateModified":"2020-01-07T12:16:58+00:00","breadcrumb":{"@id":"https:\/\/tilassa.fi\/sv\/losningar\/involverande-co-design-inlarnings-och-arbetsmiljoer\/#breadcrumb"},"inLanguage":"sv-SE","potentialAction":[{"@type":"ReadAction","target":["https:\/\/tilassa.fi\/sv\/losningar\/involverande-co-design-inlarnings-och-arbetsmiljoer\/"]}]},{"@type":"BreadcrumbList","@id":"https:\/\/tilassa.fi\/sv\/losningar\/involverande-co-design-inlarnings-och-arbetsmiljoer\/#breadcrumb","itemListElement":[{"@type":"ListItem","position":1,"name":"Etusivu","item":"https:\/\/tilassa.fi\/sv\/"},{"@type":"ListItem","position":2,"name":"L\u00f6sningar","item":"https:\/\/tilassa.fi\/sv\/losningar\/"},{"@type":"ListItem","position":3,"name":"Involverande co-design f\u00f6r inl\u00e4rnings- och arbetsmilj\u00f6er"}]},{"@type":"WebSite","@id":"https:\/\/tilassa.fi\/#website","url":"https:\/\/tilassa.fi\/","name":"Tilassa Oy","description":"Osallistavaa tilasuunnittelua","potentialAction":[{"@type":"SearchAction","target":{"@type":"EntryPoint","urlTemplate":"https:\/\/tilassa.fi\/?s={search_term_string}"},"query-input":"required name=search_term_string"}],"inLanguage":"sv-SE"}]}},"jetpack-related-posts":[{"id":1350,"url":"https:\/\/tilassa.fi\/sv\/losningar\/tillvaxtperiod-co-design\/","url_meta":{"origin":1316,"position":0},"title":"Tillv\u00e4xtperiod\u00ae co-design","date":"13.4.2017","format":false,"excerpt":"TILLV\u00c4XTPERIOD\u00ae\u00a0\u00e4r en process i fyra steg","rel":"","context":"Liknande inl\u00e4gg","img":{"alt_text":"","src":"https:\/\/i0.wp.com\/tilassa.fi\/wp-content\/uploads\/Valmiit-kohteet2-2.jpg?resize=350%2C200&ssl=1","width":350,"height":200},"classes":[]},{"id":1355,"url":"https:\/\/tilassa.fi\/sv\/losningar\/tilassa-byggtjanster\/","url_meta":{"origin":1316,"position":1},"title":"Tilassa byggtj\u00e4nster","date":"13.4.2017","format":false,"excerpt":"Renoverings- och byggtj\u00e4nster","rel":"","context":"Liknande inl\u00e4gg","img":{"alt_text":"","src":"https:\/\/i0.wp.com\/tilassa.fi\/wp-content\/uploads\/Esteetto\u0308myys.png?resize=350%2C200&ssl=1","width":350,"height":200},"classes":[]},{"id":1174,"url":"https:\/\/tilassa.fi\/sv\/","url_meta":{"origin":1316,"position":2},"title":"Sl\u00f6sa inte bort ditt utrymme!","date":"6.4.2017","format":false,"excerpt":"L\u00c5T OSS TILLSAMMANS SKAPA V\u00c4LBEFINNANDE OCH PRODUKTIVITET.","rel":"","context":"Liknande inl\u00e4gg","img":{"alt_text":"Osallistava tilasuunnittelu vastaa k\u00e4ytt\u00e4jien tarpeisiin","src":"https:\/\/i0.wp.com\/tilassa.fi\/wp-content\/uploads\/20170820_TommiAittala_TilassaOy-1200px-034.jpg?resize=350%2C200&ssl=1","width":350,"height":200},"classes":[]},{"id":1338,"url":"https:\/\/tilassa.fi\/sv\/kontakt\/","url_meta":{"origin":1316,"position":3},"title":"Kontakt","date":"13.4.2017","format":false,"excerpt":"Telefon +358 10 526 5980 Bes\u00f6ksaddress Mannerheimgatan 92, 00250 Helsingfors, Finland Fakturering Fo-nummer: 2547231-1 E-fakturering: 003725472311 Operat\u00f6r: 003723327487, Apix Messaging Oy PDF-faktur via e-post: TilassaOy.FI.P.104705-9@docinbound.com Pappersfaktura: Tilassa Oy, PL 29298, 00063, LASKUNET \u00a0 Tilassa Oy \u00e4r medlem i finl\u00e4ndska P\u00e5litlig partner -programmet.","rel":"","context":"Liknande inl\u00e4gg","img":{"alt_text":"","src":"","width":0,"height":0},"classes":[]}],"_links":{"self":[{"href":"https:\/\/tilassa.fi\/sv\/wp-json\/wp\/v2\/pages\/1316"}],"collection":[{"href":"https:\/\/tilassa.fi\/sv\/wp-json\/wp\/v2\/pages"}],"about":[{"href":"https:\/\/tilassa.fi\/sv\/wp-json\/wp\/v2\/types\/page"}],"author":[{"embeddable":true,"href":"https:\/\/tilassa.fi\/sv\/wp-json\/wp\/v2\/users\/14"}],"replies":[{"embeddable":true,"href":"https:\/\/tilassa.fi\/sv\/wp-json\/wp\/v2\/comments?post=1316"}],"version-history":[{"count":7,"href":"https:\/\/tilassa.fi\/sv\/wp-json\/wp\/v2\/pages\/1316\/revisions"}],"predecessor-version":[{"id":2631,"href":"https:\/\/tilassa.fi\/sv\/wp-json\/wp\/v2\/pages\/1316\/revisions\/2631"}],"up":[{"embeddable":true,"href":"https:\/\/tilassa.fi\/sv\/wp-json\/wp\/v2\/pages\/1321"}],"wp:featuredmedia":[{"embeddable":true,"href":"https:\/\/tilassa.fi\/sv\/wp-json\/wp\/v2\/media\/3369"}],"wp:attachment":[{"href":"https:\/\/tilassa.fi\/sv\/wp-json\/wp\/v2\/media?parent=1316"}],"curies":[{"name":"wp","href":"https:\/\/api.w.org\/{rel}","templated":true}]}}