{"id":1321,"date":"2017-04-12T13:39:26","date_gmt":"2017-04-12T10:39:26","guid":{"rendered":"http:\/\/tilassa.fi\/?page_id=1321\/"},"modified":"2020-01-07T14:00:43","modified_gmt":"2020-01-07T12:00:43","slug":"losningar","status":"publish","type":"page","link":"https:\/\/tilassa.fi\/sv\/losningar\/","title":{"rendered":"L\u00f6sningar"},"content":{"rendered":"","protected":false},"excerpt":{"rendered":"","protected":false},"author":14,"featured_media":0,"parent":0,"menu_order":10,"comment_status":"closed","ping_status":"closed","template":"","meta":{"_mi_skip_tracking":false},"acf":[],"yoast_head":"<!-- This site is optimized with the Yoast SEO plugin v19.6.1 - https:\/\/yoast.com\/wordpress\/plugins\/seo\/ -->\n<title>L\u00f6sningar &middot; Tilassa Oy<\/title>\n<meta name=\"robots\" content=\"index, follow, max-snippet:-1, max-image-preview:large, max-video-preview:-1\" \/>\n<link rel=\"canonical\" href=\"https:\/\/tilassa.fi\/sv\/losningar\/\" \/>\n<meta property=\"og:locale\" content=\"sv_SE\" \/>\n<meta property=\"og:type\" content=\"article\" \/>\n<meta property=\"og:title\" content=\"L\u00f6sningar &middot; Tilassa Oy\" \/>\n<meta property=\"og:url\" content=\"https:\/\/tilassa.fi\/sv\/losningar\/\" \/>\n<meta property=\"og:site_name\" content=\"Tilassa Oy\" \/>\n<meta property=\"article:publisher\" content=\"https:\/\/www.facebook.com\/Tilassa\/\" \/>\n<meta property=\"article:modified_time\" content=\"2020-01-07T12:00:43+00:00\" \/>\n<meta name=\"twitter:card\" content=\"summary\" \/>\n<meta name=\"twitter:site\" content=\"@TilassaOy\" \/>\n<script type=\"application\/ld+json\" class=\"yoast-schema-graph\">{\"@context\":\"https:\/\/schema.org\",\"@graph\":[{\"@type\":\"WebPage\",\"@id\":\"https:\/\/tilassa.fi\/sv\/losningar\/\",\"url\":\"https:\/\/tilassa.fi\/sv\/losningar\/\",\"name\":\"L\u00f6sningar &middot; Tilassa Oy\",\"isPartOf\":{\"@id\":\"https:\/\/tilassa.fi\/#website\"},\"datePublished\":\"2017-04-12T10:39:26+00:00\",\"dateModified\":\"2020-01-07T12:00:43+00:00\",\"breadcrumb\":{\"@id\":\"https:\/\/tilassa.fi\/sv\/losningar\/#breadcrumb\"},\"inLanguage\":\"sv-SE\",\"potentialAction\":[{\"@type\":\"ReadAction\",\"target\":[\"https:\/\/tilassa.fi\/sv\/losningar\/\"]}]},{\"@type\":\"BreadcrumbList\",\"@id\":\"https:\/\/tilassa.fi\/sv\/losningar\/#breadcrumb\",\"itemListElement\":[{\"@type\":\"ListItem\",\"position\":1,\"name\":\"Etusivu\",\"item\":\"https:\/\/tilassa.fi\/sv\/\"},{\"@type\":\"ListItem\",\"position\":2,\"name\":\"L\u00f6sningar\"}]},{\"@type\":\"WebSite\",\"@id\":\"https:\/\/tilassa.fi\/#website\",\"url\":\"https:\/\/tilassa.fi\/\",\"name\":\"Tilassa Oy\",\"description\":\"Osallistavaa tilasuunnittelua\",\"potentialAction\":[{\"@type\":\"SearchAction\",\"target\":{\"@type\":\"EntryPoint\",\"urlTemplate\":\"https:\/\/tilassa.fi\/?s={search_term_string}\"},\"query-input\":\"required name=search_term_string\"}],\"inLanguage\":\"sv-SE\"}]}<\/script>\n<!-- \/ Yoast SEO plugin. -->","yoast_head_json":{"title":"L\u00f6sningar &middot; Tilassa Oy","robots":{"index":"index","follow":"follow","max-snippet":"max-snippet:-1","max-image-preview":"max-image-preview:large","max-video-preview":"max-video-preview:-1"},"canonical":"https:\/\/tilassa.fi\/sv\/losningar\/","og_locale":"sv_SE","og_type":"article","og_title":"L\u00f6sningar &middot; Tilassa Oy","og_url":"https:\/\/tilassa.fi\/sv\/losningar\/","og_site_name":"Tilassa Oy","article_publisher":"https:\/\/www.facebook.com\/Tilassa\/","article_modified_time":"2020-01-07T12:00:43+00:00","twitter_card":"summary","twitter_site":"@TilassaOy","schema":{"@context":"https:\/\/schema.org","@graph":[{"@type":"WebPage","@id":"https:\/\/tilassa.fi\/sv\/losningar\/","url":"https:\/\/tilassa.fi\/sv\/losningar\/","name":"L\u00f6sningar &middot; Tilassa Oy","isPartOf":{"@id":"https:\/\/tilassa.fi\/#website"},"datePublished":"2017-04-12T10:39:26+00:00","dateModified":"2020-01-07T12:00:43+00:00","breadcrumb":{"@id":"https:\/\/tilassa.fi\/sv\/losningar\/#breadcrumb"},"inLanguage":"sv-SE","potentialAction":[{"@type":"ReadAction","target":["https:\/\/tilassa.fi\/sv\/losningar\/"]}]},{"@type":"BreadcrumbList","@id":"https:\/\/tilassa.fi\/sv\/losningar\/#breadcrumb","itemListElement":[{"@type":"ListItem","position":1,"name":"Etusivu","item":"https:\/\/tilassa.fi\/sv\/"},{"@type":"ListItem","position":2,"name":"L\u00f6sningar"}]},{"@type":"WebSite","@id":"https:\/\/tilassa.fi\/#website","url":"https:\/\/tilassa.fi\/","name":"Tilassa Oy","description":"Osallistavaa tilasuunnittelua","potentialAction":[{"@type":"SearchAction","target":{"@type":"EntryPoint","urlTemplate":"https:\/\/tilassa.fi\/?s={search_term_string}"},"query-input":"required name=search_term_string"}],"inLanguage":"sv-SE"}]}},"jetpack-related-posts":[{"id":1355,"url":"https:\/\/tilassa.fi\/sv\/losningar\/tilassa-byggtjanster\/","url_meta":{"origin":1321,"position":0},"title":"Tilassa byggtj\u00e4nster","date":"13.4.2017","format":false,"excerpt":"Renoverings- och byggtj\u00e4nster","rel":"","context":"Liknande inl\u00e4gg","img":{"alt_text":"","src":"https:\/\/i0.wp.com\/tilassa.fi\/wp-content\/uploads\/Esteetto\u0308myys.png?resize=350%2C200&ssl=1","width":350,"height":200},"classes":[]},{"id":1350,"url":"https:\/\/tilassa.fi\/sv\/losningar\/tillvaxtperiod-co-design\/","url_meta":{"origin":1321,"position":1},"title":"Tillv\u00e4xtperiod\u00ae co-design","date":"13.4.2017","format":false,"excerpt":"TILLV\u00c4XTPERIOD\u00ae\u00a0\u00e4r en process i fyra steg","rel":"","context":"Liknande inl\u00e4gg","img":{"alt_text":"","src":"https:\/\/i0.wp.com\/tilassa.fi\/wp-content\/uploads\/Valmiit-kohteet2-2.jpg?resize=350%2C200&ssl=1","width":350,"height":200},"classes":[]},{"id":1316,"url":"https:\/\/tilassa.fi\/sv\/losningar\/involverande-co-design-inlarnings-och-arbetsmiljoer\/","url_meta":{"origin":1321,"position":2},"title":"Involverande co-design f\u00f6r inl\u00e4rnings- och arbetsmilj\u00f6er","date":"12.4.2017","format":false,"excerpt":"Involverande co-design f\u00f6r inl\u00e4rnings- och arbetsmilj\u00f6er","rel":"","context":"Liknande inl\u00e4gg","img":{"alt_text":"","src":"https:\/\/i0.wp.com\/tilassa.fi\/wp-content\/uploads\/Jokela-elamyshuone-2400px.jpg?resize=350%2C200&ssl=1","width":350,"height":200},"classes":[]}],"_links":{"self":[{"href":"https:\/\/tilassa.fi\/sv\/wp-json\/wp\/v2\/pages\/1321"}],"collection":[{"href":"https:\/\/tilassa.fi\/sv\/wp-json\/wp\/v2\/pages"}],"about":[{"href":"https:\/\/tilassa.fi\/sv\/wp-json\/wp\/v2\/types\/page"}],"author":[{"embeddable":true,"href":"https:\/\/tilassa.fi\/sv\/wp-json\/wp\/v2\/users\/14"}],"replies":[{"embeddable":true,"href":"https:\/\/tilassa.fi\/sv\/wp-json\/wp\/v2\/comments?post=1321"}],"version-history":[{"count":2,"href":"https:\/\/tilassa.fi\/sv\/wp-json\/wp\/v2\/pages\/1321\/revisions"}],"predecessor-version":[{"id":1396,"href":"https:\/\/tilassa.fi\/sv\/wp-json\/wp\/v2\/pages\/1321\/revisions\/1396"}],"wp:attachment":[{"href":"https:\/\/tilassa.fi\/sv\/wp-json\/wp\/v2\/media?parent=1321"}],"curies":[{"name":"wp","href":"https:\/\/api.w.org\/{rel}","templated":true}]}}