{"id":1338,"date":"2017-04-13T10:22:58","date_gmt":"2017-04-13T07:22:58","guid":{"rendered":"http:\/\/tilassa.fi\/?page_id=1338\/"},"modified":"2022-06-27T13:48:02","modified_gmt":"2022-06-27T10:48:02","slug":"kontakt","status":"publish","type":"page","link":"https:\/\/tilassa.fi\/sv\/kontakt\/","title":{"rendered":"Kontakt"},"content":{"rendered":"<p><strong>Telefon<\/strong><\/p>\n<p>+358 10 526 5980<\/p>\n<p><strong>Bes\u00f6ksaddress<\/strong><br \/>\nMannerheimgatan 92, 00250 Helsingfors, Finland<\/p>\n<p><strong>Fakturering<\/strong><br \/>\nFo-nummer: 2547231-1<br \/>\nE-fakturering: 003725472311<br \/>\nOperat\u00f6r: 003723327487, Apix Messaging Oy<br \/>\nPDF-faktur via e-post: TilassaOy.FI.P.104705-9@docinbound.com<br \/>\nPappersfaktura: Tilassa Oy, PL 29298, 00063, LASKUNET<\/p>\n<p>&nbsp;<\/p>\n<p><strong>Tilassa Oy \u00e4r medlem i finl\u00e4ndska <a href=\"https:\/\/www.tilaajavastuu.fi\/sv\/\" target=\"_blank\" rel=\"noopener noreferrer\">P\u00e5litlig partner -programmet<\/a>.<\/strong><\/p>\n<p><img class=\"size-medium wp-image-1005 alignnone\" src=\"https:\/\/tilassa.fi\/wp-content\/uploads\/\/Tilaajavastuu-970x156.jpg\" alt=\"Tilaajavastuu\" width=\"970\" height=\"156\" srcset=\"https:\/\/tilassa.fi\/wp-content\/uploads\/Tilaajavastuu-970x156.jpg 970w, https:\/\/tilassa.fi\/wp-content\/uploads\/Tilaajavastuu-768x124.jpg 768w, https:\/\/tilassa.fi\/wp-content\/uploads\/Tilaajavastuu.jpg 1593w\" sizes=\"(max-width: 970px) 100vw, 970px\" \/><\/p>\n","protected":false},"excerpt":{"rendered":"<p>Telefon +358 10 526 5980 Bes\u00f6ksaddress Mannerheimgatan 92, 00250 Helsingfors, Finland Fakturering Fo-nummer: 2547231-1 E-fakturering: 003725472311 Operat\u00f6r: 003723327487, Apix Messaging Oy PDF-faktur via e-post: TilassaOy.FI.P.104705-9@docinbound.com Pappersfaktura: Tilassa Oy, PL 29298, 00063, LASKUNET &nbsp; Tilassa Oy \u00e4r medlem i finl\u00e4ndska P\u00e5litlig partner -programmet.<\/p>\n","protected":false},"author":14,"featured_media":0,"parent":0,"menu_order":100,"comment_status":"closed","ping_status":"closed","template":"","meta":{"_mi_skip_tracking":false},"acf":[],"yoast_head":"<!-- This site is optimized with the Yoast SEO plugin v19.6.1 - https:\/\/yoast.com\/wordpress\/plugins\/seo\/ -->\n<title>Kontakt &middot; Tilassa Oy<\/title>\n<meta name=\"robots\" content=\"index, follow, max-snippet:-1, max-image-preview:large, max-video-preview:-1\" \/>\n<link rel=\"canonical\" href=\"https:\/\/tilassa.fi\/sv\/kontakt\/\" \/>\n<meta property=\"og:locale\" content=\"sv_SE\" \/>\n<meta property=\"og:type\" content=\"article\" \/>\n<meta property=\"og:title\" content=\"Kontakt &middot; Tilassa Oy\" \/>\n<meta property=\"og:description\" content=\"Telefon +358 10 526 5980 Bes\u00f6ksaddress Mannerheimgatan 92, 00250 Helsingfors, Finland Fakturering Fo-nummer: 2547231-1 E-fakturering: 003725472311 Operat\u00f6r: 003723327487, Apix Messaging Oy PDF-faktur via e-post: TilassaOy.FI.P.104705-9@docinbound.com Pappersfaktura: Tilassa Oy, PL 29298, 00063, LASKUNET &nbsp; Tilassa Oy \u00e4r medlem i finl\u00e4ndska P\u00e5litlig partner -programmet.\" \/>\n<meta property=\"og:url\" content=\"https:\/\/tilassa.fi\/sv\/kontakt\/\" \/>\n<meta property=\"og:site_name\" content=\"Tilassa Oy\" \/>\n<meta property=\"article:publisher\" content=\"https:\/\/www.facebook.com\/Tilassa\/\" \/>\n<meta property=\"article:modified_time\" content=\"2022-06-27T10:48:02+00:00\" \/>\n<meta property=\"og:image\" content=\"https:\/\/tilassa.fi\/wp-content\/uploads\/\/Tilaajavastuu-970x156.jpg\" \/>\n<meta name=\"twitter:card\" content=\"summary\" \/>\n<meta name=\"twitter:site\" content=\"@TilassaOy\" \/>\n<script type=\"application\/ld+json\" class=\"yoast-schema-graph\">{\"@context\":\"https:\/\/schema.org\",\"@graph\":[{\"@type\":\"WebPage\",\"@id\":\"https:\/\/tilassa.fi\/sv\/kontakt\/\",\"url\":\"https:\/\/tilassa.fi\/sv\/kontakt\/\",\"name\":\"Kontakt &middot; Tilassa Oy\",\"isPartOf\":{\"@id\":\"https:\/\/tilassa.fi\/#website\"},\"datePublished\":\"2017-04-13T07:22:58+00:00\",\"dateModified\":\"2022-06-27T10:48:02+00:00\",\"breadcrumb\":{\"@id\":\"https:\/\/tilassa.fi\/sv\/kontakt\/#breadcrumb\"},\"inLanguage\":\"sv-SE\",\"potentialAction\":[{\"@type\":\"ReadAction\",\"target\":[\"https:\/\/tilassa.fi\/sv\/kontakt\/\"]}]},{\"@type\":\"BreadcrumbList\",\"@id\":\"https:\/\/tilassa.fi\/sv\/kontakt\/#breadcrumb\",\"itemListElement\":[{\"@type\":\"ListItem\",\"position\":1,\"name\":\"Etusivu\",\"item\":\"https:\/\/tilassa.fi\/sv\/\"},{\"@type\":\"ListItem\",\"position\":2,\"name\":\"Kontakt\"}]},{\"@type\":\"WebSite\",\"@id\":\"https:\/\/tilassa.fi\/#website\",\"url\":\"https:\/\/tilassa.fi\/\",\"name\":\"Tilassa Oy\",\"description\":\"Osallistavaa tilasuunnittelua\",\"potentialAction\":[{\"@type\":\"SearchAction\",\"target\":{\"@type\":\"EntryPoint\",\"urlTemplate\":\"https:\/\/tilassa.fi\/?s={search_term_string}\"},\"query-input\":\"required name=search_term_string\"}],\"inLanguage\":\"sv-SE\"}]}<\/script>\n<!-- \/ Yoast SEO plugin. -->","yoast_head_json":{"title":"Kontakt &middot; Tilassa Oy","robots":{"index":"index","follow":"follow","max-snippet":"max-snippet:-1","max-image-preview":"max-image-preview:large","max-video-preview":"max-video-preview:-1"},"canonical":"https:\/\/tilassa.fi\/sv\/kontakt\/","og_locale":"sv_SE","og_type":"article","og_title":"Kontakt &middot; Tilassa Oy","og_description":"Telefon +358 10 526 5980 Bes\u00f6ksaddress Mannerheimgatan 92, 00250 Helsingfors, Finland Fakturering Fo-nummer: 2547231-1 E-fakturering: 003725472311 Operat\u00f6r: 003723327487, Apix Messaging Oy PDF-faktur via e-post: TilassaOy.FI.P.104705-9@docinbound.com Pappersfaktura: Tilassa Oy, PL 29298, 00063, LASKUNET &nbsp; Tilassa Oy \u00e4r medlem i finl\u00e4ndska P\u00e5litlig partner -programmet.","og_url":"https:\/\/tilassa.fi\/sv\/kontakt\/","og_site_name":"Tilassa Oy","article_publisher":"https:\/\/www.facebook.com\/Tilassa\/","article_modified_time":"2022-06-27T10:48:02+00:00","og_image":[{"url":"https:\/\/tilassa.fi\/wp-content\/uploads\/\/Tilaajavastuu-970x156.jpg"}],"twitter_card":"summary","twitter_site":"@TilassaOy","schema":{"@context":"https:\/\/schema.org","@graph":[{"@type":"WebPage","@id":"https:\/\/tilassa.fi\/sv\/kontakt\/","url":"https:\/\/tilassa.fi\/sv\/kontakt\/","name":"Kontakt &middot; Tilassa Oy","isPartOf":{"@id":"https:\/\/tilassa.fi\/#website"},"datePublished":"2017-04-13T07:22:58+00:00","dateModified":"2022-06-27T10:48:02+00:00","breadcrumb":{"@id":"https:\/\/tilassa.fi\/sv\/kontakt\/#breadcrumb"},"inLanguage":"sv-SE","potentialAction":[{"@type":"ReadAction","target":["https:\/\/tilassa.fi\/sv\/kontakt\/"]}]},{"@type":"BreadcrumbList","@id":"https:\/\/tilassa.fi\/sv\/kontakt\/#breadcrumb","itemListElement":[{"@type":"ListItem","position":1,"name":"Etusivu","item":"https:\/\/tilassa.fi\/sv\/"},{"@type":"ListItem","position":2,"name":"Kontakt"}]},{"@type":"WebSite","@id":"https:\/\/tilassa.fi\/#website","url":"https:\/\/tilassa.fi\/","name":"Tilassa Oy","description":"Osallistavaa tilasuunnittelua","potentialAction":[{"@type":"SearchAction","target":{"@type":"EntryPoint","urlTemplate":"https:\/\/tilassa.fi\/?s={search_term_string}"},"query-input":"required name=search_term_string"}],"inLanguage":"sv-SE"}]}},"jetpack-related-posts":[{"id":11,"url":"https:\/\/tilassa.fi\/yhteystiedot\/","url_meta":{"origin":1338,"position":0},"title":"Yhteystiedot","date":"4.8.2016","format":false,"excerpt":"Jutellaan tilatarpeistanne. Soita ja kysy lis\u00e4\u00e4.\u00a0 \u00a0 \u00a0 HARRI MARKKULA Perustaja, toimitusjohtaja Osallistavan tilasuunnittelun ammattilainen +358 44 055 2253 harri.markkula@tilassa.fi \u00a0 \u00a0 \u00a0 \u00a0 Suunnittelupalvelut HelsinkiMannerheimintie 92, 00250 Helsinki LaskutusY-tunnus 2547231-1Verkkolaskuosoite: 003725472311V\u00e4litt\u00e4j\u00e4tunnus: 003723327487, Apix Messaging OyPDF-laskut s\u00e4hk\u00f6postilla: 003725472311@procountor.apix.fiPaperilaskut: Tilassa Oy, PL 16112, 00021, LASKUTUS Pid\u00e4mme tiedoistasi huolta. Tutustu tietosuojaselosteeseemme. Tilassa\u2026","rel":"","context":"Liknande inl\u00e4gg","img":{"alt_text":"","src":"","width":0,"height":0},"classes":[]},{"id":475,"url":"https:\/\/tilassa.fi\/referenssit\/tyoymparistot\/","url_meta":{"origin":1338,"position":1},"title":"Ty\u00f6ymp\u00e4rist\u00f6t","date":"7.9.2016","format":false,"excerpt":"\u00a0 \u00a0 \u00a0","rel":"","context":"Liknande inl\u00e4gg","img":{"alt_text":"Nykyaikainen yhten\u00e4isen ilmeen toimisto - Grant Thornton","src":"https:\/\/i0.wp.com\/tilassa.fi\/wp-content\/uploads\/TilassaOy-Helsinki-09102019-1280px-016.jpg?resize=350%2C200&ssl=1","width":350,"height":200},"classes":[]},{"id":225,"url":"https:\/\/tilassa.fi\/referenssit\/valaistus\/","url_meta":{"origin":1338,"position":2},"title":"Valaistussuunnittelu","date":"30.8.2016","format":false,"excerpt":"Valaistus viimeistelee tilan ilmeen","rel":"","context":"Liknande inl\u00e4gg","img":{"alt_text":"","src":"https:\/\/i0.wp.com\/tilassa.fi\/wp-content\/uploads\/20161406_Tilassa-4-1-scaled.jpg?resize=350%2C200&ssl=1","width":350,"height":200},"classes":[]},{"id":3351,"url":"https:\/\/tilassa.fi\/tilassa-tools\/","url_meta":{"origin":1338,"position":3},"title":"Tilassa Tools","date":"16.3.2021","format":false,"excerpt":"Osallisuuden kokemista. Oppimista ja innovaatioita tukevia ymp\u00e4rist\u00f6j\u00e4. Parempaa tuottavuutta. El\u00e4myksi\u00e4. Hyvinvointia. \u00a0 Tilassatools.comin taustalla on\u00a0Tilassa Oy. Suunnittelemme oppimista ja vuorovaikutusta edist\u00e4vi\u00e4 tiloja ja kalusteita sek\u00e4 varusteita k\u00e4ytt\u00e4j\u00e4t osallistaen. Tilassa Tools on syntynyt asiakkailtamme kummunneesta tarpeesta muunneltaviin ja oppimista aidosti edist\u00e4viin ratkaisuihin. Ideat tuotteisiimme ovat tulleet k\u00e4ytt\u00e4jilt\u00e4 tilasuunnitteluprojektien aikana. Omat tuotteemme\u2026","rel":"","context":"Liknande inl\u00e4gg","img":{"alt_text":"","src":"https:\/\/i0.wp.com\/tilassa.fi\/wp-content\/uploads\/tilassa-tools_mv_400_600.jpg?resize=350%2C200&ssl=1","width":350,"height":200},"classes":[]},{"id":2716,"url":"https:\/\/tilassa.fi\/palvelut\/koditjaremontointi\/","url_meta":{"origin":1338,"position":4},"title":"Kodit ja remontointi","date":"3.2.2020","format":false,"excerpt":"TILASSA OY ON T\u00c4YDEN PALVELUN TOIMISTO \u00a0 Suunnittelemme ja toteutamme toimivat tilaratkaisut pieniin ja isoihin kohteisiin. Jokaisessa projektissamme k\u00e4ytt\u00e4j\u00e4 on aina keski\u00f6ss\u00e4 ja yhdess\u00e4 tilaajan kanssa kartoitamme tarpeet ja toiveet, jonka lopputuloksena syntyy toimivia ja yksil\u00f6llisi\u00e4 tiloja, joissa viihdyt\u00e4\u00e4n. Monipuolinen osaamisemme ja yhteisty\u00f6verkostomme takaa ty\u00f6n laadun, kustannukset ja aikataulut huomioiden.\u2026","rel":"","context":"Liknande inl\u00e4gg","img":{"alt_text":"","src":"https:\/\/i0.wp.com\/tilassa.fi\/wp-content\/uploads\/Tilassa-office.jpg?resize=350%2C200&ssl=1","width":350,"height":200},"classes":[]},{"id":72,"url":"https:\/\/tilassa.fi\/keita-me-olemme\/","url_meta":{"origin":1338,"position":5},"title":"Keit\u00e4 me olemme","date":"11.8.2016","format":false,"excerpt":"\u00a0 Mit\u00e4 lis\u00e4arvoa tarjoamme? Toimintaymp\u00e4rist\u00f6ll\u00e4 on strateginen vaikutus organisaatioiden p\u00e4ivitt\u00e4iseen tulosten saavuttamiseen. Osallistava suunnittelu tarjoaa ty\u00f6kalut paitsi toimivien tilojen suunnitteluun, my\u00f6s organisaation muutosten tukemiseen luotettavan analysoinnin ansiosta. Kaikki l\u00e4htee k\u00e4ytt\u00e4jist\u00e4 Suunnittelemme el\u00e4myksellisi\u00e4 ja innovatiivisuutta tukevia yritys- ja oppimisymp\u00e4rist\u00f6j\u00e4. Asiakkaitamme ovat yritykset ja oppilaitokset, joille oppiminen, tiedon jakaminen ja uuden tiedon\u2026","rel":"","context":"Liknande inl\u00e4gg","img":{"alt_text":"","src":"","width":0,"height":0},"classes":[]}],"_links":{"self":[{"href":"https:\/\/tilassa.fi\/sv\/wp-json\/wp\/v2\/pages\/1338"}],"collection":[{"href":"https:\/\/tilassa.fi\/sv\/wp-json\/wp\/v2\/pages"}],"about":[{"href":"https:\/\/tilassa.fi\/sv\/wp-json\/wp\/v2\/types\/page"}],"author":[{"embeddable":true,"href":"https:\/\/tilassa.fi\/sv\/wp-json\/wp\/v2\/users\/14"}],"replies":[{"embeddable":true,"href":"https:\/\/tilassa.fi\/sv\/wp-json\/wp\/v2\/comments?post=1338"}],"version-history":[{"count":12,"href":"https:\/\/tilassa.fi\/sv\/wp-json\/wp\/v2\/pages\/1338\/revisions"}],"predecessor-version":[{"id":3810,"href":"https:\/\/tilassa.fi\/sv\/wp-json\/wp\/v2\/pages\/1338\/revisions\/3810"}],"wp:attachment":[{"href":"https:\/\/tilassa.fi\/sv\/wp-json\/wp\/v2\/media?parent=1338"}],"curies":[{"name":"wp","href":"https:\/\/api.w.org\/{rel}","templated":true}]}}