{"id":1350,"date":"2017-04-13T10:49:20","date_gmt":"2017-04-13T07:49:20","guid":{"rendered":"http:\/\/tilassa.fi\/?page_id=1350\/"},"modified":"2020-01-07T14:18:38","modified_gmt":"2020-01-07T12:18:38","slug":"tillvaxtperiod-co-design","status":"publish","type":"page","link":"https:\/\/tilassa.fi\/sv\/losningar\/tillvaxtperiod-co-design\/","title":{"rendered":"Tillv\u00e4xtperiod\u00ae co-design"},"content":{"rendered":"<p>TILLV\u00c4XTPERIOD\u00ae\u00a0\u00e4r en process i fyra steg, under vilken organisationen och dess anv\u00e4ndare s\u00f6ker l\u00f6sningar som st\u00f6der de dagliga aktiviteterna. Tillv\u00e4xtperiod\u00ae\u00a0anv\u00e4nder\u00a0co-desig-metoder i processens alla faser.<\/p>\n<p>Co-design processen\u00a0sker i n\u00e4ra samarbete med kunden. Anv\u00e4ndarna involveras i varje skede av processen. Tilassa faciliterar och v\u00e4ljer de l\u00e4mpligaste metoderna exempelvis i workshopar. Resultaten fr\u00e5n processen kan visas och anv\u00e4ndas till f\u00f6rm\u00e5n f\u00f6r en starkare och mer kreativ organisation.<\/p>\n<blockquote><p>&#8221;Jag vill s\u00e4rskilt tacka deltagande planeringsprocessen. Det \u00e4r helt annorlunda n\u00e4r du flyttar till nya lokaler, vi har alla haft en inverkan p\u00e5 resultatet. &#8221;Arbetstagarrepresentant, f\u00f6retaget klienten.<\/p><\/blockquote>\n<h3>Objektiv analys av information<\/h3>\n<p>I analysfasen behandlas informationen man f\u00e5tt ur de involverande metoderna. Informationen omfattar t.ex. nuvarande funktionalitet inklusive begr\u00e4nsningar och behov och \u00f6nskem\u00e5l f\u00f6r framtiden. Materialet sorteras in i fem visuella \u201dfr\u00f6n\u201d, vilket s\u00e4kerst\u00e4ller att den analyserade informationen blir en tydligt f\u00f6rst\u00e5elig grund f\u00f6r besluten. Analysen s\u00f6ker efter l\u00e4nkar och relationer mellan orsak och verkan. <strong>Resultatet blir en objektiv bild av anv\u00e4ndarnas behov och organisationens m\u00e5l.\u00a0<\/strong><\/p>\n<h3>Stora f\u00f6rdelar f\u00f6r kunden<\/h3>\n<p>Co-design till\u00e4gger k\u00e4nslor av v\u00e4lm\u00e5ende, individuellt \u00e4gande och uppskattning. Den kan bidra till att \u00f6vervinna f\u00f6r\u00e4ndringarna i organisation och st\u00f6dja en positiv inst\u00e4llning till f\u00f6r\u00e4ndring. Den till\u00e4gger \u00e4ven engagemang f\u00f6r det organisatoriska. Anv\u00e4ndardrivet t\u00e4nkande och inkludering kan bli en del av organisationens dagliga verksamhetskultur.<\/p>\n<blockquote><p>Co-design processen kan \u00f6ka organisationens effektivitet med \u00a05-50% (Vischer, J. 2005).<\/p><\/blockquote>\n<p>Som ett resultat av detta erbjuder processen tydligt registrerat material f\u00f6r vidare utveckling. Den analyserade informationen \u00e4r objektiv och j\u00e4mst\u00e4lld.<\/p>\n","protected":false},"excerpt":{"rendered":"<p>TILLV\u00c4XTPERIOD\u00ae\u00a0\u00e4r en process i fyra steg<\/p>\n","protected":false},"author":14,"featured_media":3375,"parent":1321,"menu_order":3,"comment_status":"closed","ping_status":"closed","template":"","meta":{"_mi_skip_tracking":false},"acf":[],"yoast_head":"<!-- This site is optimized with the Yoast SEO plugin v19.6.1 - https:\/\/yoast.com\/wordpress\/plugins\/seo\/ -->\n<title>Tillv\u00e4xtperiod\u00ae co-design &middot; Tilassa Oy<\/title>\n<meta name=\"robots\" content=\"index, follow, max-snippet:-1, max-image-preview:large, max-video-preview:-1\" \/>\n<link rel=\"canonical\" href=\"https:\/\/tilassa.fi\/sv\/losningar\/tillvaxtperiod-co-design\/\" \/>\n<meta property=\"og:locale\" content=\"sv_SE\" \/>\n<meta property=\"og:type\" content=\"article\" \/>\n<meta property=\"og:title\" content=\"Tillv\u00e4xtperiod\u00ae co-design &middot; Tilassa Oy\" \/>\n<meta property=\"og:description\" content=\"TILLV\u00c4XTPERIOD\u00ae\u00a0\u00e4r en process i fyra steg\" \/>\n<meta property=\"og:url\" content=\"https:\/\/tilassa.fi\/sv\/losningar\/tillvaxtperiod-co-design\/\" \/>\n<meta property=\"og:site_name\" content=\"Tilassa Oy\" \/>\n<meta property=\"article:publisher\" content=\"https:\/\/www.facebook.com\/Tilassa\/\" \/>\n<meta property=\"article:modified_time\" content=\"2020-01-07T12:18:38+00:00\" \/>\n<meta property=\"og:image\" content=\"https:\/\/tilassa.fi\/wp-content\/uploads\/Valmiit-kohteet2-2.jpg\" \/>\n\t<meta property=\"og:image:width\" content=\"798\" \/>\n\t<meta property=\"og:image:height\" content=\"535\" \/>\n\t<meta property=\"og:image:type\" content=\"image\/jpeg\" \/>\n<meta name=\"twitter:card\" content=\"summary\" \/>\n<meta name=\"twitter:site\" content=\"@TilassaOy\" \/>\n<meta name=\"twitter:label1\" content=\"Ber\u00e4knad l\u00e4stid\" \/>\n\t<meta name=\"twitter:data1\" content=\"1 minut\" \/>\n<script type=\"application\/ld+json\" class=\"yoast-schema-graph\">{\"@context\":\"https:\/\/schema.org\",\"@graph\":[{\"@type\":\"WebPage\",\"@id\":\"https:\/\/tilassa.fi\/sv\/losningar\/tillvaxtperiod-co-design\/\",\"url\":\"https:\/\/tilassa.fi\/sv\/losningar\/tillvaxtperiod-co-design\/\",\"name\":\"Tillv\u00e4xtperiod\u00ae co-design &middot; Tilassa Oy\",\"isPartOf\":{\"@id\":\"https:\/\/tilassa.fi\/#website\"},\"datePublished\":\"2017-04-13T07:49:20+00:00\",\"dateModified\":\"2020-01-07T12:18:38+00:00\",\"breadcrumb\":{\"@id\":\"https:\/\/tilassa.fi\/sv\/losningar\/tillvaxtperiod-co-design\/#breadcrumb\"},\"inLanguage\":\"sv-SE\",\"potentialAction\":[{\"@type\":\"ReadAction\",\"target\":[\"https:\/\/tilassa.fi\/sv\/losningar\/tillvaxtperiod-co-design\/\"]}]},{\"@type\":\"BreadcrumbList\",\"@id\":\"https:\/\/tilassa.fi\/sv\/losningar\/tillvaxtperiod-co-design\/#breadcrumb\",\"itemListElement\":[{\"@type\":\"ListItem\",\"position\":1,\"name\":\"Etusivu\",\"item\":\"https:\/\/tilassa.fi\/sv\/\"},{\"@type\":\"ListItem\",\"position\":2,\"name\":\"L\u00f6sningar\",\"item\":\"https:\/\/tilassa.fi\/sv\/losningar\/\"},{\"@type\":\"ListItem\",\"position\":3,\"name\":\"Tillv\u00e4xtperiod\u00ae co-design\"}]},{\"@type\":\"WebSite\",\"@id\":\"https:\/\/tilassa.fi\/#website\",\"url\":\"https:\/\/tilassa.fi\/\",\"name\":\"Tilassa Oy\",\"description\":\"Osallistavaa tilasuunnittelua\",\"potentialAction\":[{\"@type\":\"SearchAction\",\"target\":{\"@type\":\"EntryPoint\",\"urlTemplate\":\"https:\/\/tilassa.fi\/?s={search_term_string}\"},\"query-input\":\"required name=search_term_string\"}],\"inLanguage\":\"sv-SE\"}]}<\/script>\n<!-- \/ Yoast SEO plugin. -->","yoast_head_json":{"title":"Tillv\u00e4xtperiod\u00ae co-design &middot; Tilassa Oy","robots":{"index":"index","follow":"follow","max-snippet":"max-snippet:-1","max-image-preview":"max-image-preview:large","max-video-preview":"max-video-preview:-1"},"canonical":"https:\/\/tilassa.fi\/sv\/losningar\/tillvaxtperiod-co-design\/","og_locale":"sv_SE","og_type":"article","og_title":"Tillv\u00e4xtperiod\u00ae co-design &middot; Tilassa Oy","og_description":"TILLV\u00c4XTPERIOD\u00ae\u00a0\u00e4r en process i fyra steg","og_url":"https:\/\/tilassa.fi\/sv\/losningar\/tillvaxtperiod-co-design\/","og_site_name":"Tilassa Oy","article_publisher":"https:\/\/www.facebook.com\/Tilassa\/","article_modified_time":"2020-01-07T12:18:38+00:00","og_image":[{"width":798,"height":535,"url":"https:\/\/tilassa.fi\/wp-content\/uploads\/Valmiit-kohteet2-2.jpg","type":"image\/jpeg"}],"twitter_card":"summary","twitter_site":"@TilassaOy","twitter_misc":{"Ber\u00e4knad l\u00e4stid":"1 minut"},"schema":{"@context":"https:\/\/schema.org","@graph":[{"@type":"WebPage","@id":"https:\/\/tilassa.fi\/sv\/losningar\/tillvaxtperiod-co-design\/","url":"https:\/\/tilassa.fi\/sv\/losningar\/tillvaxtperiod-co-design\/","name":"Tillv\u00e4xtperiod\u00ae co-design &middot; Tilassa Oy","isPartOf":{"@id":"https:\/\/tilassa.fi\/#website"},"datePublished":"2017-04-13T07:49:20+00:00","dateModified":"2020-01-07T12:18:38+00:00","breadcrumb":{"@id":"https:\/\/tilassa.fi\/sv\/losningar\/tillvaxtperiod-co-design\/#breadcrumb"},"inLanguage":"sv-SE","potentialAction":[{"@type":"ReadAction","target":["https:\/\/tilassa.fi\/sv\/losningar\/tillvaxtperiod-co-design\/"]}]},{"@type":"BreadcrumbList","@id":"https:\/\/tilassa.fi\/sv\/losningar\/tillvaxtperiod-co-design\/#breadcrumb","itemListElement":[{"@type":"ListItem","position":1,"name":"Etusivu","item":"https:\/\/tilassa.fi\/sv\/"},{"@type":"ListItem","position":2,"name":"L\u00f6sningar","item":"https:\/\/tilassa.fi\/sv\/losningar\/"},{"@type":"ListItem","position":3,"name":"Tillv\u00e4xtperiod\u00ae co-design"}]},{"@type":"WebSite","@id":"https:\/\/tilassa.fi\/#website","url":"https:\/\/tilassa.fi\/","name":"Tilassa Oy","description":"Osallistavaa tilasuunnittelua","potentialAction":[{"@type":"SearchAction","target":{"@type":"EntryPoint","urlTemplate":"https:\/\/tilassa.fi\/?s={search_term_string}"},"query-input":"required name=search_term_string"}],"inLanguage":"sv-SE"}]}},"jetpack-related-posts":[{"id":1316,"url":"https:\/\/tilassa.fi\/sv\/losningar\/involverande-co-design-inlarnings-och-arbetsmiljoer\/","url_meta":{"origin":1350,"position":0},"title":"Involverande co-design f\u00f6r inl\u00e4rnings- och arbetsmilj\u00f6er","date":"12.4.2017","format":false,"excerpt":"Involverande co-design f\u00f6r inl\u00e4rnings- och arbetsmilj\u00f6er","rel":"","context":"Liknande inl\u00e4gg","img":{"alt_text":"","src":"https:\/\/i0.wp.com\/tilassa.fi\/wp-content\/uploads\/Jokela-elamyshuone-2400px.jpg?resize=350%2C200&ssl=1","width":350,"height":200},"classes":[]},{"id":1174,"url":"https:\/\/tilassa.fi\/sv\/","url_meta":{"origin":1350,"position":1},"title":"Sl\u00f6sa inte bort ditt utrymme!","date":"6.4.2017","format":false,"excerpt":"L\u00c5T OSS TILLSAMMANS SKAPA V\u00c4LBEFINNANDE OCH PRODUKTIVITET.","rel":"","context":"Liknande inl\u00e4gg","img":{"alt_text":"Osallistava tilasuunnittelu vastaa k\u00e4ytt\u00e4jien tarpeisiin","src":"https:\/\/i0.wp.com\/tilassa.fi\/wp-content\/uploads\/20170820_TommiAittala_TilassaOy-1200px-034.jpg?resize=350%2C200&ssl=1","width":350,"height":200},"classes":[]},{"id":1355,"url":"https:\/\/tilassa.fi\/sv\/losningar\/tilassa-byggtjanster\/","url_meta":{"origin":1350,"position":2},"title":"Tilassa byggtj\u00e4nster","date":"13.4.2017","format":false,"excerpt":"Renoverings- och byggtj\u00e4nster","rel":"","context":"Liknande inl\u00e4gg","img":{"alt_text":"","src":"https:\/\/i0.wp.com\/tilassa.fi\/wp-content\/uploads\/Esteetto\u0308myys.png?resize=350%2C200&ssl=1","width":350,"height":200},"classes":[]},{"id":1338,"url":"https:\/\/tilassa.fi\/sv\/kontakt\/","url_meta":{"origin":1350,"position":3},"title":"Kontakt","date":"13.4.2017","format":false,"excerpt":"Telefon +358 10 526 5980 Bes\u00f6ksaddress Mannerheimgatan 92, 00250 Helsingfors, Finland Fakturering Fo-nummer: 2547231-1 E-fakturering: 003725472311 Operat\u00f6r: 003723327487, Apix Messaging Oy PDF-faktur via e-post: TilassaOy.FI.P.104705-9@docinbound.com Pappersfaktura: Tilassa Oy, PL 29298, 00063, LASKUNET \u00a0 Tilassa Oy \u00e4r medlem i finl\u00e4ndska P\u00e5litlig partner -programmet.","rel":"","context":"Liknande inl\u00e4gg","img":{"alt_text":"","src":"","width":0,"height":0},"classes":[]},{"id":29,"url":"https:\/\/tilassa.fi\/palvelut\/tyoymparistot\/","url_meta":{"origin":1350,"position":4},"title":"Ty\u00f6ymp\u00e4rist\u00f6t","date":"4.8.2016","format":false,"excerpt":"Miten me suunnittelemme tiloja?","rel":"","context":"Liknande inl\u00e4gg","img":{"alt_text":"","src":"https:\/\/i0.wp.com\/tilassa.fi\/wp-content\/uploads\/Valmiit-kohteet2-2.jpg?resize=350%2C200&ssl=1","width":350,"height":200},"classes":[]},{"id":27,"url":"https:\/\/tilassa.fi\/palvelut\/oppimisymparistot\/","url_meta":{"origin":1350,"position":5},"title":"Oppimisymp\u00e4rist\u00f6t","date":"4.8.2016","format":false,"excerpt":"Osallistavaa tilasuunnittelua","rel":"","context":"Liknande inl\u00e4gg","img":{"alt_text":"","src":"https:\/\/i0.wp.com\/tilassa.fi\/wp-content\/uploads\/Jokela-elamyshuone-2400px.jpg?resize=350%2C200&ssl=1","width":350,"height":200},"classes":[]}],"_links":{"self":[{"href":"https:\/\/tilassa.fi\/sv\/wp-json\/wp\/v2\/pages\/1350"}],"collection":[{"href":"https:\/\/tilassa.fi\/sv\/wp-json\/wp\/v2\/pages"}],"about":[{"href":"https:\/\/tilassa.fi\/sv\/wp-json\/wp\/v2\/types\/page"}],"author":[{"embeddable":true,"href":"https:\/\/tilassa.fi\/sv\/wp-json\/wp\/v2\/users\/14"}],"replies":[{"embeddable":true,"href":"https:\/\/tilassa.fi\/sv\/wp-json\/wp\/v2\/comments?post=1350"}],"version-history":[{"count":5,"href":"https:\/\/tilassa.fi\/sv\/wp-json\/wp\/v2\/pages\/1350\/revisions"}],"predecessor-version":[{"id":2633,"href":"https:\/\/tilassa.fi\/sv\/wp-json\/wp\/v2\/pages\/1350\/revisions\/2633"}],"up":[{"embeddable":true,"href":"https:\/\/tilassa.fi\/sv\/wp-json\/wp\/v2\/pages\/1321"}],"wp:featuredmedia":[{"embeddable":true,"href":"https:\/\/tilassa.fi\/sv\/wp-json\/wp\/v2\/media\/3375"}],"wp:attachment":[{"href":"https:\/\/tilassa.fi\/sv\/wp-json\/wp\/v2\/media?parent=1350"}],"curies":[{"name":"wp","href":"https:\/\/api.w.org\/{rel}","templated":true}]}}