{"id":1355,"date":"2017-04-13T10:51:38","date_gmt":"2017-04-13T07:51:38","guid":{"rendered":"http:\/\/tilassa.fi\/?page_id=1355\/"},"modified":"2020-01-07T14:19:53","modified_gmt":"2020-01-07T12:19:53","slug":"tilassa-byggtjanster","status":"publish","type":"page","link":"https:\/\/tilassa.fi\/sv\/losningar\/tilassa-byggtjanster\/","title":{"rendered":"Tilassa byggtj\u00e4nster"},"content":{"rendered":"<h2>Renoverings- och byggtj\u00e4nster<\/h2>\n<p>Tilassa\u00a0interi\u00f6rrenovering och byggtj\u00e4nster genomf\u00f6r planer utan kompromisser. Vi ger en garanti f\u00f6r kvalitet och enkelhet. Konstruktion och design \u00e4r k\u00e4rnan i v\u00e5r expertis medan du kan fokusera p\u00e5 din egen.<\/p>\n<p>Vi samarbetar smidigt eftersom design- och byggtj\u00e4nsterna finns inom samma organisation. Alla v\u00e5ra byggare \u00e4r proffs som g\u00f6r arbetet snabbt och effektivt, och r\u00e4tt genast fr\u00e5n f\u00f6rsta b\u00f6rjan. Vi tillhandah\u00e5ller, vid behov, hela paketet, inklusive m\u00e5lnings- och byggnadsarbeten ut\u00f6ver den elektriska designen och installationen, samt VVS-installationerna.<\/p>\n<blockquote><p>V\u00e5r kund kommenterade:<\/p>\n<p>&#8221;Resultatet \u00f6vertr\u00e4ffade f\u00f6rv\u00e4ntningarna.&#8221;<\/p>\n<p>&#8221;Det var exact som best\u00e4lldes, i tid och inom budget&#8221;.<\/p><\/blockquote>\n<p>V\u00e5ra snickare g\u00f6r ocks\u00e5 specialm\u00f6bler och fasta m\u00f6bler professionellt och kostnadseffektivt.<\/p>\n<p>Tilassa\u00a0\u00e4r en medlem\u00a0av finl\u00e4ndska <a href=\"https:\/\/www.tilaajavastuu.fi\/sv\" target=\"_blank\" rel=\"noopener noreferrer\">P\u00e5litlig partner\u00a0-programmet<\/a>.<\/p>\n","protected":false},"excerpt":{"rendered":"<p>Renoverings- och byggtj\u00e4nster<\/p>\n","protected":false},"author":14,"featured_media":3523,"parent":1321,"menu_order":30,"comment_status":"closed","ping_status":"closed","template":"","meta":{"_mi_skip_tracking":false},"acf":[],"yoast_head":"<!-- This site is optimized with the Yoast SEO plugin v19.6.1 - https:\/\/yoast.com\/wordpress\/plugins\/seo\/ -->\n<title>Tilassa byggtj\u00e4nster &middot; Tilassa Oy<\/title>\n<meta name=\"robots\" content=\"index, follow, max-snippet:-1, max-image-preview:large, max-video-preview:-1\" \/>\n<link rel=\"canonical\" href=\"https:\/\/tilassa.fi\/sv\/losningar\/tilassa-byggtjanster\/\" \/>\n<meta property=\"og:locale\" content=\"sv_SE\" \/>\n<meta property=\"og:type\" content=\"article\" \/>\n<meta property=\"og:title\" content=\"Tilassa byggtj\u00e4nster &middot; Tilassa Oy\" \/>\n<meta property=\"og:description\" content=\"Renoverings- och byggtj\u00e4nster\" \/>\n<meta property=\"og:url\" content=\"https:\/\/tilassa.fi\/sv\/losningar\/tilassa-byggtjanster\/\" \/>\n<meta property=\"og:site_name\" content=\"Tilassa Oy\" \/>\n<meta property=\"article:publisher\" content=\"https:\/\/www.facebook.com\/Tilassa\/\" \/>\n<meta property=\"article:modified_time\" content=\"2020-01-07T12:19:53+00:00\" \/>\n<meta property=\"og:image\" content=\"https:\/\/tilassa.fi\/wp-content\/uploads\/Esteetto\u0308myys.png\" \/>\n\t<meta property=\"og:image:width\" content=\"1754\" \/>\n\t<meta property=\"og:image:height\" content=\"1241\" \/>\n\t<meta property=\"og:image:type\" content=\"image\/png\" \/>\n<meta name=\"twitter:card\" content=\"summary\" \/>\n<meta name=\"twitter:site\" content=\"@TilassaOy\" \/>\n<meta name=\"twitter:label1\" content=\"Ber\u00e4knad l\u00e4stid\" \/>\n\t<meta name=\"twitter:data1\" content=\"1 minut\" \/>\n<script type=\"application\/ld+json\" class=\"yoast-schema-graph\">{\"@context\":\"https:\/\/schema.org\",\"@graph\":[{\"@type\":\"WebPage\",\"@id\":\"https:\/\/tilassa.fi\/sv\/losningar\/tilassa-byggtjanster\/\",\"url\":\"https:\/\/tilassa.fi\/sv\/losningar\/tilassa-byggtjanster\/\",\"name\":\"Tilassa byggtj\u00e4nster &middot; Tilassa Oy\",\"isPartOf\":{\"@id\":\"https:\/\/tilassa.fi\/#website\"},\"datePublished\":\"2017-04-13T07:51:38+00:00\",\"dateModified\":\"2020-01-07T12:19:53+00:00\",\"breadcrumb\":{\"@id\":\"https:\/\/tilassa.fi\/sv\/losningar\/tilassa-byggtjanster\/#breadcrumb\"},\"inLanguage\":\"sv-SE\",\"potentialAction\":[{\"@type\":\"ReadAction\",\"target\":[\"https:\/\/tilassa.fi\/sv\/losningar\/tilassa-byggtjanster\/\"]}]},{\"@type\":\"BreadcrumbList\",\"@id\":\"https:\/\/tilassa.fi\/sv\/losningar\/tilassa-byggtjanster\/#breadcrumb\",\"itemListElement\":[{\"@type\":\"ListItem\",\"position\":1,\"name\":\"Etusivu\",\"item\":\"https:\/\/tilassa.fi\/sv\/\"},{\"@type\":\"ListItem\",\"position\":2,\"name\":\"L\u00f6sningar\",\"item\":\"https:\/\/tilassa.fi\/sv\/losningar\/\"},{\"@type\":\"ListItem\",\"position\":3,\"name\":\"Tilassa byggtj\u00e4nster\"}]},{\"@type\":\"WebSite\",\"@id\":\"https:\/\/tilassa.fi\/#website\",\"url\":\"https:\/\/tilassa.fi\/\",\"name\":\"Tilassa Oy\",\"description\":\"Osallistavaa tilasuunnittelua\",\"potentialAction\":[{\"@type\":\"SearchAction\",\"target\":{\"@type\":\"EntryPoint\",\"urlTemplate\":\"https:\/\/tilassa.fi\/?s={search_term_string}\"},\"query-input\":\"required name=search_term_string\"}],\"inLanguage\":\"sv-SE\"}]}<\/script>\n<!-- \/ Yoast SEO plugin. -->","yoast_head_json":{"title":"Tilassa byggtj\u00e4nster &middot; Tilassa Oy","robots":{"index":"index","follow":"follow","max-snippet":"max-snippet:-1","max-image-preview":"max-image-preview:large","max-video-preview":"max-video-preview:-1"},"canonical":"https:\/\/tilassa.fi\/sv\/losningar\/tilassa-byggtjanster\/","og_locale":"sv_SE","og_type":"article","og_title":"Tilassa byggtj\u00e4nster &middot; Tilassa Oy","og_description":"Renoverings- och byggtj\u00e4nster","og_url":"https:\/\/tilassa.fi\/sv\/losningar\/tilassa-byggtjanster\/","og_site_name":"Tilassa Oy","article_publisher":"https:\/\/www.facebook.com\/Tilassa\/","article_modified_time":"2020-01-07T12:19:53+00:00","og_image":[{"width":1754,"height":1241,"url":"https:\/\/tilassa.fi\/wp-content\/uploads\/Esteetto\u0308myys.png","type":"image\/png"}],"twitter_card":"summary","twitter_site":"@TilassaOy","twitter_misc":{"Ber\u00e4knad l\u00e4stid":"1 minut"},"schema":{"@context":"https:\/\/schema.org","@graph":[{"@type":"WebPage","@id":"https:\/\/tilassa.fi\/sv\/losningar\/tilassa-byggtjanster\/","url":"https:\/\/tilassa.fi\/sv\/losningar\/tilassa-byggtjanster\/","name":"Tilassa byggtj\u00e4nster &middot; Tilassa Oy","isPartOf":{"@id":"https:\/\/tilassa.fi\/#website"},"datePublished":"2017-04-13T07:51:38+00:00","dateModified":"2020-01-07T12:19:53+00:00","breadcrumb":{"@id":"https:\/\/tilassa.fi\/sv\/losningar\/tilassa-byggtjanster\/#breadcrumb"},"inLanguage":"sv-SE","potentialAction":[{"@type":"ReadAction","target":["https:\/\/tilassa.fi\/sv\/losningar\/tilassa-byggtjanster\/"]}]},{"@type":"BreadcrumbList","@id":"https:\/\/tilassa.fi\/sv\/losningar\/tilassa-byggtjanster\/#breadcrumb","itemListElement":[{"@type":"ListItem","position":1,"name":"Etusivu","item":"https:\/\/tilassa.fi\/sv\/"},{"@type":"ListItem","position":2,"name":"L\u00f6sningar","item":"https:\/\/tilassa.fi\/sv\/losningar\/"},{"@type":"ListItem","position":3,"name":"Tilassa byggtj\u00e4nster"}]},{"@type":"WebSite","@id":"https:\/\/tilassa.fi\/#website","url":"https:\/\/tilassa.fi\/","name":"Tilassa Oy","description":"Osallistavaa tilasuunnittelua","potentialAction":[{"@type":"SearchAction","target":{"@type":"EntryPoint","urlTemplate":"https:\/\/tilassa.fi\/?s={search_term_string}"},"query-input":"required name=search_term_string"}],"inLanguage":"sv-SE"}]}},"jetpack-related-posts":[{"id":1316,"url":"https:\/\/tilassa.fi\/sv\/losningar\/involverande-co-design-inlarnings-och-arbetsmiljoer\/","url_meta":{"origin":1355,"position":0},"title":"Involverande co-design f\u00f6r inl\u00e4rnings- och arbetsmilj\u00f6er","date":"12.4.2017","format":false,"excerpt":"Involverande co-design f\u00f6r inl\u00e4rnings- och arbetsmilj\u00f6er","rel":"","context":"Liknande inl\u00e4gg","img":{"alt_text":"","src":"https:\/\/i0.wp.com\/tilassa.fi\/wp-content\/uploads\/Jokela-elamyshuone-2400px.jpg?resize=350%2C200&ssl=1","width":350,"height":200},"classes":[]},{"id":1350,"url":"https:\/\/tilassa.fi\/sv\/losningar\/tillvaxtperiod-co-design\/","url_meta":{"origin":1355,"position":1},"title":"Tillv\u00e4xtperiod\u00ae co-design","date":"13.4.2017","format":false,"excerpt":"TILLV\u00c4XTPERIOD\u00ae\u00a0\u00e4r en process i fyra steg","rel":"","context":"Liknande inl\u00e4gg","img":{"alt_text":"","src":"https:\/\/i0.wp.com\/tilassa.fi\/wp-content\/uploads\/Valmiit-kohteet2-2.jpg?resize=350%2C200&ssl=1","width":350,"height":200},"classes":[]},{"id":1174,"url":"https:\/\/tilassa.fi\/sv\/","url_meta":{"origin":1355,"position":2},"title":"Sl\u00f6sa inte bort ditt utrymme!","date":"6.4.2017","format":false,"excerpt":"L\u00c5T OSS TILLSAMMANS SKAPA V\u00c4LBEFINNANDE OCH PRODUKTIVITET.","rel":"","context":"Liknande inl\u00e4gg","img":{"alt_text":"Osallistava tilasuunnittelu vastaa k\u00e4ytt\u00e4jien tarpeisiin","src":"https:\/\/i0.wp.com\/tilassa.fi\/wp-content\/uploads\/20170820_TommiAittala_TilassaOy-1200px-034.jpg?resize=350%2C200&ssl=1","width":350,"height":200},"classes":[]},{"id":1338,"url":"https:\/\/tilassa.fi\/sv\/kontakt\/","url_meta":{"origin":1355,"position":3},"title":"Kontakt","date":"13.4.2017","format":false,"excerpt":"Telefon +358 10 526 5980 Bes\u00f6ksaddress Mannerheimgatan 92, 00250 Helsingfors, Finland Fakturering Fo-nummer: 2547231-1 E-fakturering: 003725472311 Operat\u00f6r: 003723327487, Apix Messaging Oy PDF-faktur via e-post: TilassaOy.FI.P.104705-9@docinbound.com Pappersfaktura: Tilassa Oy, PL 29298, 00063, LASKUNET \u00a0 Tilassa Oy \u00e4r medlem i finl\u00e4ndska P\u00e5litlig partner -programmet.","rel":"","context":"Liknande inl\u00e4gg","img":{"alt_text":"","src":"","width":0,"height":0},"classes":[]},{"id":5,"url":"https:\/\/tilassa.fi\/hyvinvointia-osallistavalla-tilasuunnittelulla\/","url_meta":{"origin":1355,"position":4},"title":"Don\u00b4t waste your space","date":"4.8.2016","format":false,"excerpt":"Tilassa on oppimis- ja toimintaymp\u00e4rist\u00f6jen muotoilu- ja suunnittelutoimisto.","rel":"","context":"Liknande inl\u00e4gg","img":{"alt_text":"Nykyaikainen yhten\u00e4isen ilmeen toimisto - Grant Thornton","src":"https:\/\/i0.wp.com\/tilassa.fi\/wp-content\/uploads\/TilassaOy-Helsinki-09102019-1280px-025.jpg?resize=350%2C200&ssl=1","width":350,"height":200},"classes":[]},{"id":29,"url":"https:\/\/tilassa.fi\/palvelut\/tyoymparistot\/","url_meta":{"origin":1355,"position":5},"title":"Ty\u00f6ymp\u00e4rist\u00f6t","date":"4.8.2016","format":false,"excerpt":"Miten me suunnittelemme tiloja?","rel":"","context":"Liknande inl\u00e4gg","img":{"alt_text":"","src":"https:\/\/i0.wp.com\/tilassa.fi\/wp-content\/uploads\/Valmiit-kohteet2-2.jpg?resize=350%2C200&ssl=1","width":350,"height":200},"classes":[]}],"_links":{"self":[{"href":"https:\/\/tilassa.fi\/sv\/wp-json\/wp\/v2\/pages\/1355"}],"collection":[{"href":"https:\/\/tilassa.fi\/sv\/wp-json\/wp\/v2\/pages"}],"about":[{"href":"https:\/\/tilassa.fi\/sv\/wp-json\/wp\/v2\/types\/page"}],"author":[{"embeddable":true,"href":"https:\/\/tilassa.fi\/sv\/wp-json\/wp\/v2\/users\/14"}],"replies":[{"embeddable":true,"href":"https:\/\/tilassa.fi\/sv\/wp-json\/wp\/v2\/comments?post=1355"}],"version-history":[{"count":4,"href":"https:\/\/tilassa.fi\/sv\/wp-json\/wp\/v2\/pages\/1355\/revisions"}],"predecessor-version":[{"id":2634,"href":"https:\/\/tilassa.fi\/sv\/wp-json\/wp\/v2\/pages\/1355\/revisions\/2634"}],"up":[{"embeddable":true,"href":"https:\/\/tilassa.fi\/sv\/wp-json\/wp\/v2\/pages\/1321"}],"wp:featuredmedia":[{"embeddable":true,"href":"https:\/\/tilassa.fi\/sv\/wp-json\/wp\/v2\/media\/3523"}],"wp:attachment":[{"href":"https:\/\/tilassa.fi\/sv\/wp-json\/wp\/v2\/media?parent=1355"}],"curies":[{"name":"wp","href":"https:\/\/api.w.org\/{rel}","templated":true}]}}